{"id":851,"date":"2023-07-04T13:58:48","date_gmt":"2023-07-04T11:58:48","guid":{"rendered":"https:\/\/case-marmailles.re\/?page_id=851"},"modified":"2023-08-11T14:59:19","modified_gmt":"2023-08-11T12:59:19","slug":"nos-pedagogie-snoezelen","status":"publish","type":"page","link":"https:\/\/case-marmailles.re\/index.php\/nos-pedagogie-snoezelen\/","title":{"rendered":"M\u00e9thode Snoezelen et Like Montessori"},"content":{"rendered":"\t\t<div data-elementor-type=\"wp-page\" data-elementor-id=\"851\" class=\"elementor elementor-851\" data-elementor-post-type=\"page\">\n\t\t\t\t<div class=\"elementor-element elementor-element-91931ed e-flex e-con-boxed e-con e-parent\" data-id=\"91931ed\" data-element_type=\"container\" data-settings=\"{&quot;jet_parallax_layout_list&quot;:[],&quot;background_background&quot;:&quot;classic&quot;}\">\n\t\t\t\t\t<div class=\"e-con-inner\">\n\t\t<div class=\"elementor-element elementor-element-8b000bb e-con-full e-flex e-con e-parent\" data-id=\"8b000bb\" data-element_type=\"container\" data-settings=\"{&quot;jet_parallax_layout_list&quot;:[]}\">\n\t\t\t\t<\/div>\n\t\t\t\t\t<\/div>\n\t\t\t\t<\/div>\n\t\t<div class=\"elementor-element elementor-element-dc42c2e e-flex e-con-boxed e-con e-parent\" data-id=\"dc42c2e\" data-element_type=\"container\" data-settings=\"{&quot;jet_parallax_layout_list&quot;:[],&quot;background_background&quot;:&quot;classic&quot;}\">\n\t\t\t\t\t<div class=\"e-con-inner\">\n\t\t<div class=\"elementor-element elementor-element-55aa6cf e-con-full e-flex e-con e-parent\" data-id=\"55aa6cf\" data-element_type=\"container\" data-settings=\"{&quot;jet_parallax_layout_list&quot;:[]}\">\n\t\t\t\t<div class=\"elementor-element elementor-element-66ce15d elementor-widget elementor-widget-heading\" data-id=\"66ce15d\" data-element_type=\"widget\" data-widget_type=\"heading.default\">\n\t\t\t\t<div class=\"elementor-widget-container\">\n\t\t\t\t\t<h2 class=\"elementor-heading-title elementor-size-default\">La m\u00e9thode Snoezelen<\/h2>\t\t\t\t<\/div>\n\t\t\t\t<\/div>\n\t\t\t\t<div class=\"elementor-element elementor-element-2558002 elementor-widget elementor-widget-text-editor\" data-id=\"2558002\" data-element_type=\"widget\" data-widget_type=\"text-editor.default\">\n\t\t\t\t<div class=\"elementor-widget-container\">\n\t\t\t\t\t\t\t\t\t<p>La m\u00e9thode Snoezelen est une approche multisensorielle \u00a0notamment utilis\u00e9e pour aider les personnes atteintes de troubles du d\u00e9veloppement, de troubles sensoriels et\/ou de troubles de l&rsquo;apprentissage. Cette m\u00e9thode, cr\u00e9\u00e9e aux Pays-Bas dans les ann\u00e9es 1970, a \u00e9t\u00e9 con\u00e7ue pour offrir un environnement de stimulation sensorielle contr\u00f4l\u00e9, relaxant et non intrusif.<\/p>\t\t\t\t\t\t\t\t<\/div>\n\t\t\t\t<\/div>\n\t\t\t\t<\/div>\n\t\t\t\t\t<\/div>\n\t\t\t\t<\/div>\n\t\t<div class=\"elementor-element elementor-element-b124d76 e-flex e-con-boxed e-con e-parent\" data-id=\"b124d76\" data-element_type=\"container\" data-settings=\"{&quot;jet_parallax_layout_list&quot;:[],&quot;background_background&quot;:&quot;classic&quot;}\">\n\t\t\t\t\t<div class=\"e-con-inner\">\n\t\t<div class=\"elementor-element elementor-element-a62bac3 e-con-full e-flex e-con e-parent\" data-id=\"a62bac3\" data-element_type=\"container\" data-settings=\"{&quot;jet_parallax_layout_list&quot;:[]}\">\n\t\t\t\t<div class=\"elementor-element elementor-element-5bf2f3f elementor-widget elementor-widget-text-editor\" data-id=\"5bf2f3f\" data-element_type=\"widget\" data-widget_type=\"text-editor.default\">\n\t\t\t\t<div class=\"elementor-widget-container\">\n\t\t\t\t\t\t\t\t\t<p>Le concept Snoezelen repose sur l&rsquo;utilisation de diverses sources de stimulation sensorielle, telles que la lumi\u00e8re, le son, la texture, la temp\u00e9rature, les couleurs et les odeurs, pour aider les personnes \u00e0 explorer et \u00e0 interagir avec leur environnement de mani\u00e8re non stressante et positive.<\/p><p>L&rsquo;environnement Snoezelen est souvent cr\u00e9\u00e9 dans une pi\u00e8ce sp\u00e9cialement con\u00e7ue pour cela, \u00e9quip\u00e9e de dispositifs de contr\u00f4le sensoriel tel que des fibres optiques, des projecteurs, des haut-parleurs, des coussins vibrants et des surfaces tactiles.<\/p>\t\t\t\t\t\t\t\t<\/div>\n\t\t\t\t<\/div>\n\t\t\t\t<div class=\"elementor-element elementor-element-78cd14c elementor-widget elementor-widget-image\" data-id=\"78cd14c\" data-element_type=\"widget\" data-widget_type=\"image.default\">\n\t\t\t\t<div class=\"elementor-widget-container\">\n\t\t\t\t\t\t\t\t\t\t\t\t\t\t\t\t<a href=\"https:\/\/ytxdh8pymnt.typeform.com\/to\/UkevBvB3?typeform-source=case-marmailles.re\">\n\t\t\t\t\t\t\t<img decoding=\"async\" width=\"236\" height=\"52\" src=\"https:\/\/case-marmailles.re\/wp-content\/uploads\/2023\/06\/Group-2260.png\" class=\"attachment-large size-large wp-image-154\" alt=\"\" \/>\t\t\t\t\t\t\t\t<\/a>\n\t\t\t\t\t\t\t\t\t\t\t\t\t\t\t<\/div>\n\t\t\t\t<\/div>\n\t\t\t\t<\/div>\n\t\t<div class=\"elementor-element elementor-element-63497f3 e-con-full e-flex e-con e-parent\" data-id=\"63497f3\" data-element_type=\"container\" data-settings=\"{&quot;jet_parallax_layout_list&quot;:[]}\">\n\t\t\t\t<div class=\"elementor-element elementor-element-cb112e3 elementor-widget elementor-widget-image\" data-id=\"cb112e3\" data-element_type=\"widget\" data-widget_type=\"image.default\">\n\t\t\t\t<div class=\"elementor-widget-container\">\n\t\t\t\t\t\t\t\t\t\t\t\t\t\t\t<img fetchpriority=\"high\" decoding=\"async\" width=\"669\" height=\"465\" src=\"https:\/\/case-marmailles.re\/wp-content\/uploads\/2023\/07\/Rectangle-401.png\" class=\"attachment-large size-large wp-image-854\" alt=\"\" srcset=\"https:\/\/case-marmailles.re\/wp-content\/uploads\/2023\/07\/Rectangle-401.png 669w, https:\/\/case-marmailles.re\/wp-content\/uploads\/2023\/07\/Rectangle-401-300x209.png 300w\" sizes=\"(max-width: 669px) 100vw, 669px\" \/>\t\t\t\t\t\t\t\t\t\t\t\t\t\t\t<\/div>\n\t\t\t\t<\/div>\n\t\t\t\t<\/div>\n\t\t\t\t\t<\/div>\n\t\t\t\t<\/div>\n\t\t<div class=\"elementor-element elementor-element-6617513 e-flex e-con-boxed e-con e-parent\" data-id=\"6617513\" data-element_type=\"container\" data-settings=\"{&quot;jet_parallax_layout_list&quot;:[],&quot;background_background&quot;:&quot;classic&quot;}\">\n\t\t\t\t\t<div class=\"e-con-inner\">\n\t\t<div class=\"elementor-element elementor-element-29a63b5 e-con-full e-flex e-con e-parent\" data-id=\"29a63b5\" data-element_type=\"container\" data-settings=\"{&quot;jet_parallax_layout_list&quot;:[]}\">\n\t\t\t\t<div class=\"elementor-element elementor-element-04ad049 elementor-widget elementor-widget-heading\" data-id=\"04ad049\" data-element_type=\"widget\" data-widget_type=\"heading.default\">\n\t\t\t\t<div class=\"elementor-widget-container\">\n\t\t\t\t\t<h2 class=\"elementor-heading-title elementor-size-default\">L'objectif de la m\u00e9thode Snoezelen<\/h2>\t\t\t\t<\/div>\n\t\t\t\t<\/div>\n\t\t\t\t<div class=\"elementor-element elementor-element-74e26ab elementor-widget elementor-widget-text-editor\" data-id=\"74e26ab\" data-element_type=\"widget\" data-widget_type=\"text-editor.default\">\n\t\t\t\t<div class=\"elementor-widget-container\">\n\t\t\t\t\t\t\t\t\t<p>Fournir une exp\u00e9rience sensorielle agr\u00e9able, stimulante et s\u00e9curisante, qui peut aider \u00e0 am\u00e9liorer l&rsquo;humeur, la relaxation, la communication, la coordination, la motricit\u00e9 fine, la concentration et l&rsquo;orientation spatiale. Elle est particuli\u00e8rement utile pour les personnes atteintes de troubles du d\u00e9veloppement ou de troubles sensoriels tels que l&rsquo;autisme, le syndrome de Down, la paralysie c\u00e9r\u00e9brale, les troubles de l&rsquo;anxi\u00e9t\u00e9 ou les troubles du spectre de l&rsquo;attention.<\/p>\t\t\t\t\t\t\t\t<\/div>\n\t\t\t\t<\/div>\n\t\t\t\t<\/div>\n\t\t\t\t\t<\/div>\n\t\t\t\t<\/div>\n\t\t<div class=\"elementor-element elementor-element-4bc59d4 e-flex e-con-boxed e-con e-parent\" data-id=\"4bc59d4\" data-element_type=\"container\" data-settings=\"{&quot;jet_parallax_layout_list&quot;:[]}\">\n\t\t\t\t\t<div class=\"e-con-inner\">\n\t\t<div class=\"elementor-element elementor-element-aeea8a1 e-con-full e-flex e-con e-parent\" data-id=\"aeea8a1\" data-element_type=\"container\" data-settings=\"{&quot;jet_parallax_layout_list&quot;:[]}\">\n\t\t\t\t<div class=\"elementor-element elementor-element-5984343 elementor-widget elementor-widget-image\" data-id=\"5984343\" data-element_type=\"widget\" data-widget_type=\"image.default\">\n\t\t\t\t<div class=\"elementor-widget-container\">\n\t\t\t\t\t\t\t\t\t\t\t\t\t\t\t<img decoding=\"async\" width=\"536\" height=\"516\" src=\"https:\/\/case-marmailles.re\/wp-content\/uploads\/2023\/07\/Creche-Jeux-Snoezelen-1.png\" class=\"attachment-large size-large wp-image-856\" alt=\"\" srcset=\"https:\/\/case-marmailles.re\/wp-content\/uploads\/2023\/07\/Creche-Jeux-Snoezelen-1.png 536w, https:\/\/case-marmailles.re\/wp-content\/uploads\/2023\/07\/Creche-Jeux-Snoezelen-1-300x289.png 300w\" sizes=\"(max-width: 536px) 100vw, 536px\" \/>\t\t\t\t\t\t\t\t\t\t\t\t\t\t\t<\/div>\n\t\t\t\t<\/div>\n\t\t\t\t<\/div>\n\t\t<div class=\"elementor-element elementor-element-0d4450c e-con-full e-flex e-con e-parent\" data-id=\"0d4450c\" data-element_type=\"container\" data-settings=\"{&quot;jet_parallax_layout_list&quot;:[]}\">\n\t\t\t\t<div class=\"elementor-element elementor-element-c4dabb6 elementor-widget elementor-widget-image\" data-id=\"c4dabb6\" data-element_type=\"widget\" data-widget_type=\"image.default\">\n\t\t\t\t<div class=\"elementor-widget-container\">\n\t\t\t\t\t\t\t\t\t\t\t\t\t\t\t<img loading=\"lazy\" decoding=\"async\" width=\"313\" height=\"517\" src=\"https:\/\/case-marmailles.re\/wp-content\/uploads\/2023\/07\/Snoezelen-colonne-a-bulles-1.png\" class=\"attachment-large size-large wp-image-855\" alt=\"\" srcset=\"https:\/\/case-marmailles.re\/wp-content\/uploads\/2023\/07\/Snoezelen-colonne-a-bulles-1.png 313w, https:\/\/case-marmailles.re\/wp-content\/uploads\/2023\/07\/Snoezelen-colonne-a-bulles-1-182x300.png 182w\" sizes=\"(max-width: 313px) 100vw, 313px\" \/>\t\t\t\t\t\t\t\t\t\t\t\t\t\t\t<\/div>\n\t\t\t\t<\/div>\n\t\t\t\t<\/div>\n\t\t<div class=\"elementor-element elementor-element-a2c6db3 e-con-full e-flex e-con e-parent\" data-id=\"a2c6db3\" data-element_type=\"container\" data-settings=\"{&quot;jet_parallax_layout_list&quot;:[]}\">\n\t\t\t\t<div class=\"elementor-element elementor-element-0c3589f elementor-widget elementor-widget-image\" data-id=\"0c3589f\" data-element_type=\"widget\" data-widget_type=\"image.default\">\n\t\t\t\t<div class=\"elementor-widget-container\">\n\t\t\t\t\t\t\t\t\t\t\t\t\t\t\t<img loading=\"lazy\" decoding=\"async\" width=\"441\" height=\"517\" src=\"https:\/\/case-marmailles.re\/wp-content\/uploads\/2023\/07\/IMG_0552-1.png\" class=\"attachment-large size-large wp-image-857\" alt=\"\" srcset=\"https:\/\/case-marmailles.re\/wp-content\/uploads\/2023\/07\/IMG_0552-1.png 441w, https:\/\/case-marmailles.re\/wp-content\/uploads\/2023\/07\/IMG_0552-1-256x300.png 256w\" sizes=\"(max-width: 441px) 100vw, 441px\" \/>\t\t\t\t\t\t\t\t\t\t\t\t\t\t\t<\/div>\n\t\t\t\t<\/div>\n\t\t\t\t<\/div>\n\t\t\t\t\t<\/div>\n\t\t\t\t<\/div>\n\t\t<div class=\"elementor-element elementor-element-028d582 e-flex e-con-boxed e-con e-parent\" data-id=\"028d582\" data-element_type=\"container\" data-settings=\"{&quot;jet_parallax_layout_list&quot;:[],&quot;background_background&quot;:&quot;classic&quot;,&quot;shape_divider_top&quot;:&quot;waves&quot;}\">\n\t\t\t\t\t<div class=\"e-con-inner\">\n\t\t\t\t<div class=\"elementor-shape elementor-shape-top\" data-negative=\"false\">\n\t\t\t<svg xmlns=\"http:\/\/www.w3.org\/2000\/svg\" viewBox=\"0 0 1000 100\" preserveAspectRatio=\"none\">\n\t<path class=\"elementor-shape-fill\" d=\"M421.9,6.5c22.6-2.5,51.5,0.4,75.5,5.3c23.6,4.9,70.9,23.5,100.5,35.7c75.8,32.2,133.7,44.5,192.6,49.7\n\tc23.6,2.1,48.7,3.5,103.4-2.5c54.7-6,106.2-25.6,106.2-25.6V0H0v30.3c0,0,72,32.6,158.4,30.5c39.2-0.7,92.8-6.7,134-22.4\n\tc21.2-8.1,52.2-18.2,79.7-24.2C399.3,7.9,411.6,7.5,421.9,6.5z\"\/>\n<\/svg>\t\t<\/div>\n\t\t\t\t<div class=\"elementor-element elementor-element-f99fda4 elementor-widget elementor-widget-heading\" data-id=\"f99fda4\" data-element_type=\"widget\" data-widget_type=\"heading.default\">\n\t\t\t\t<div class=\"elementor-widget-container\">\n\t\t\t\t\t<h2 class=\"elementor-heading-title elementor-size-default\">Les axes principaux de la m\u00e9thode Snoezelen comprennent :<\/h2>\t\t\t\t<\/div>\n\t\t\t\t<\/div>\n\t\t\t\t<div class=\"elementor-element elementor-element-9c9cf16 elementor-vertical-align-middle elementor-widget elementor-widget-image-box\" data-id=\"9c9cf16\" data-element_type=\"widget\" data-widget_type=\"image-box.default\">\n\t\t\t\t<div class=\"elementor-widget-container\">\n\t\t\t\t\t<div class=\"elementor-image-box-wrapper\"><div class=\"elementor-image-box-content\"><p class=\"elementor-image-box-description\">L'environnement contr\u00f4l\u00e9 : La m\u00e9thode Snoezelen implique la cr\u00e9ation d'un environnement de stimulation sensorielle contr\u00f4l\u00e9 et s\u00e9curisant, qui permet aux individus de se d\u00e9tendre et d'explorer leur environnement de mani\u00e8re non stressante.<\/p><\/div><\/div>\t\t\t\t<\/div>\n\t\t\t\t<\/div>\n\t\t\t\t<div class=\"elementor-element elementor-element-4002788 elementor-vertical-align-middle elementor-widget elementor-widget-image-box\" data-id=\"4002788\" data-element_type=\"widget\" data-widget_type=\"image-box.default\">\n\t\t\t\t<div class=\"elementor-widget-container\">\n\t\t\t\t\t<div class=\"elementor-image-box-wrapper\"><div class=\"elementor-image-box-content\"><p class=\"elementor-image-box-description\">La personnalisation de l'exp\u00e9rience : La m\u00e9thode Snoezelen peut \u00eatre adapt\u00e9e aux besoins individuels des participants, en fonction de leur \u00e2ge, de leur niveau de d\u00e9veloppement et de leurs pr\u00e9f\u00e9rences sensorielles.<\/p><\/div><\/div>\t\t\t\t<\/div>\n\t\t\t\t<\/div>\n\t\t\t\t<div class=\"elementor-element elementor-element-40162d7 elementor-vertical-align-middle elementor-widget elementor-widget-image-box\" data-id=\"40162d7\" data-element_type=\"widget\" data-widget_type=\"image-box.default\">\n\t\t\t\t<div class=\"elementor-widget-container\">\n\t\t\t\t\t<div class=\"elementor-image-box-wrapper\"><div class=\"elementor-image-box-content\"><p class=\"elementor-image-box-description\">L'approche non directive : La m\u00e9thode Snoezelen repose sur une approche non directive, qui permet aux individus de choisir leurs propres activit\u00e9s et de les explorer \u00e0 leur propre rythme, sans pression ni intervention ext\u00e9rieure.<\/p><\/div><\/div>\t\t\t\t<\/div>\n\t\t\t\t<\/div>\n\t\t\t\t<div class=\"elementor-element elementor-element-6ce1434 elementor-vertical-align-middle elementor-widget elementor-widget-image-box\" data-id=\"6ce1434\" data-element_type=\"widget\" data-widget_type=\"image-box.default\">\n\t\t\t\t<div class=\"elementor-widget-container\">\n\t\t\t\t\t<div class=\"elementor-image-box-wrapper\"><div class=\"elementor-image-box-content\"><p class=\"elementor-image-box-description\">Les bienfaits th\u00e9rapeutiques : La m\u00e9thode Snoezelen peut offrir des bienfaits th\u00e9rapeutiques pour les personnes atteintes de troubles du d\u00e9veloppement, de troubles sensoriels et\/ou de troubles de l'apprentissage, en am\u00e9liorant leur humeur, leur relaxation, leur communication, leur coordination, leur motricit\u00e9 fine, leur concentration et leur orientation spatiale.<\/p><\/div><\/div>\t\t\t\t<\/div>\n\t\t\t\t<\/div>\n\t\t\t\t\t<\/div>\n\t\t\t\t<\/div>\n\t\t<div class=\"elementor-element elementor-element-f3581cb e-flex e-con-boxed e-con e-parent\" data-id=\"f3581cb\" data-element_type=\"container\" data-settings=\"{&quot;jet_parallax_layout_list&quot;:[],&quot;background_background&quot;:&quot;classic&quot;}\">\n\t\t\t\t\t<div class=\"e-con-inner\">\n\t\t<div class=\"elementor-element elementor-element-80f45b5 e-con-full e-flex e-con e-parent\" data-id=\"80f45b5\" data-element_type=\"container\" data-settings=\"{&quot;jet_parallax_layout_list&quot;:[]}\">\n\t\t\t\t<div class=\"elementor-element elementor-element-5a547a0 elementor-widget elementor-widget-heading\" data-id=\"5a547a0\" data-element_type=\"widget\" data-widget_type=\"heading.default\">\n\t\t\t\t<div class=\"elementor-widget-container\">\n\t\t\t\t\t<h2 class=\"elementor-heading-title elementor-size-default\">Like Montessori<\/h2>\t\t\t\t<\/div>\n\t\t\t\t<\/div>\n\t\t\t\t<div class=\"elementor-element elementor-element-e7bde2b elementor-widget elementor-widget-text-editor\" data-id=\"e7bde2b\" data-element_type=\"widget\" data-widget_type=\"text-editor.default\">\n\t\t\t\t<div class=\"elementor-widget-container\">\n\t\t\t\t\t\t\t\t\t<p>Nous nous inspirons de la m\u00e9thode Montessori afin de favoriser les apprentissage par leur \u00ab\u00a0faire seul\u00a0\u00bb et \u00e0 \u00ab\u00a0son rythme\u00a0\u00bb.<\/p>\t\t\t\t\t\t\t\t<\/div>\n\t\t\t\t<\/div>\n\t\t\t\t<\/div>\n\t\t\t\t\t<\/div>\n\t\t\t\t<\/div>\n\t\t<div class=\"elementor-element elementor-element-061e7f7 e-flex e-con-boxed e-con e-parent\" data-id=\"061e7f7\" data-element_type=\"container\" data-settings=\"{&quot;jet_parallax_layout_list&quot;:[]}\">\n\t\t\t\t\t<div class=\"e-con-inner\">\n\t\t<div class=\"elementor-element elementor-element-adf218e e-con-full e-flex e-con e-parent\" data-id=\"adf218e\" data-element_type=\"container\" data-settings=\"{&quot;jet_parallax_layout_list&quot;:[]}\">\n\t\t\t\t<div class=\"elementor-element elementor-element-37097c0 elementor-widget elementor-widget-image\" data-id=\"37097c0\" data-element_type=\"widget\" data-widget_type=\"image.default\">\n\t\t\t\t<div class=\"elementor-widget-container\">\n\t\t\t\t\t\t\t\t\t\t\t\t\t\t\t<img loading=\"lazy\" decoding=\"async\" width=\"719\" height=\"552\" src=\"https:\/\/case-marmailles.re\/wp-content\/uploads\/2023\/07\/kid-playing-with-colorful-wooden-abacus-1.png\" class=\"attachment-large size-large wp-image-863\" alt=\"\" srcset=\"https:\/\/case-marmailles.re\/wp-content\/uploads\/2023\/07\/kid-playing-with-colorful-wooden-abacus-1.png 719w, https:\/\/case-marmailles.re\/wp-content\/uploads\/2023\/07\/kid-playing-with-colorful-wooden-abacus-1-300x230.png 300w\" sizes=\"(max-width: 719px) 100vw, 719px\" \/>\t\t\t\t\t\t\t\t\t\t\t\t\t\t\t<\/div>\n\t\t\t\t<\/div>\n\t\t\t\t<\/div>\n\t\t<div class=\"elementor-element elementor-element-c5072b8 e-con-full e-flex e-con e-parent\" data-id=\"c5072b8\" data-element_type=\"container\" data-settings=\"{&quot;jet_parallax_layout_list&quot;:[]}\">\n\t\t\t\t<div class=\"elementor-element elementor-element-3fa7126 elementor-widget elementor-widget-text-editor\" data-id=\"3fa7126\" data-element_type=\"widget\" data-widget_type=\"text-editor.default\">\n\t\t\t\t<div class=\"elementor-widget-container\">\n\t\t\t\t\t\t\t\t\t<p>Cet apprentissage de la libert\u00e9 et de l\u2019autonomie requiert la mise en place d\u2019un environnement pr\u00e9par\u00e9 et adapt\u00e9 aux caract\u00e9ristiques et besoins de l\u2019enfant, o\u00f9 il aura mati\u00e8re \u00e0 s\u2019exprimer et \u00e0 s\u2019\u00e9panouir.&nbsp;<br><span style=\"font-size: 20.35px; background-color: var( --e-global-color-0fac7f1 );\">L\u2019am\u00e9nagement d\u2019un espace Montessori passe par un choix de jouets et de mat\u00e9riel soigneusement r\u00e9fl\u00e9chi pour :<\/span><\/p>\n<ul>\n<li>\u00catre harmonieux et donner \u00e0 l\u2019enfant envie de jouer avec<\/li>\n<li>\u00catre sensoriel<\/li>\n<li>\u00catre adapt\u00e9 \u00e0 l\u2019\u00e2ge et aux besoins de l\u2019enfant<\/li>\n<li>Isoler et ne proposer qu\u2019une difficult\u00e9 \u00e0 la fois, afin de faciliter sa compr\u00e9hension et son assimilation<\/li>\n<\/ul>\n<p>Cet environnement ne pr\u00e9sente qu\u2019une seule finalit\u00e9, celle d\u2019aider l\u2019enfant \u00e0 faire seul.<\/p>\t\t\t\t\t\t\t\t<\/div>\n\t\t\t\t<\/div>\n\t\t\t\t<\/div>\n\t\t\t\t\t<\/div>\n\t\t\t\t<\/div>\n\t\t<div class=\"elementor-element elementor-element-6ce7303 e-flex e-con-boxed e-con e-parent\" data-id=\"6ce7303\" data-element_type=\"container\" data-settings=\"{&quot;jet_parallax_layout_list&quot;:[]}\">\n\t\t\t\t\t<div class=\"e-con-inner\">\n\t\t<div class=\"elementor-element elementor-element-7460da7 e-con-full e-flex e-con e-parent\" data-id=\"7460da7\" data-element_type=\"container\" data-settings=\"{&quot;jet_parallax_layout_list&quot;:[]}\">\n\t\t\t\t<div class=\"elementor-element elementor-element-2dfe6c3 elementor-widget elementor-widget-text-editor\" data-id=\"2dfe6c3\" data-element_type=\"widget\" data-widget_type=\"text-editor.default\">\n\t\t\t\t<div class=\"elementor-widget-container\">\n\t\t\t\t\t\t\t\t\t<p>La libert\u00e9 motrice consiste \u00e0 laisser libre court \u00e0 tous les mouvements spontan\u00e9s de l\u2019enfant, et lui permettre de d\u00e9velopper son autonomie ainsi que sa confiance en lui.<\/p><p>L\u2019enfant exp\u00e9rimente librement son environnement, explore ses capacit\u00e9s, sous le regard bienveillant et aidant de l\u2019adulte<\/p>\t\t\t\t\t\t\t\t<\/div>\n\t\t\t\t<\/div>\n\t\t\t\t<\/div>\n\t\t<div class=\"elementor-element elementor-element-8aa8890 e-con-full e-flex e-con e-parent\" data-id=\"8aa8890\" data-element_type=\"container\" data-settings=\"{&quot;jet_parallax_layout_list&quot;:[]}\">\n\t\t\t\t<div class=\"elementor-element elementor-element-a25003a elementor-widget elementor-widget-image\" data-id=\"a25003a\" data-element_type=\"widget\" data-widget_type=\"image.default\">\n\t\t\t\t<div class=\"elementor-widget-container\">\n\t\t\t\t\t\t\t\t\t\t\t\t\t\t\t<img loading=\"lazy\" decoding=\"async\" width=\"800\" height=\"578\" src=\"https:\/\/case-marmailles.re\/wp-content\/uploads\/2023\/07\/diverse-children-enjoying-playing-with-toys-1.png\" class=\"attachment-large size-large wp-image-865\" alt=\"\" srcset=\"https:\/\/case-marmailles.re\/wp-content\/uploads\/2023\/07\/diverse-children-enjoying-playing-with-toys-1.png 905w, https:\/\/case-marmailles.re\/wp-content\/uploads\/2023\/07\/diverse-children-enjoying-playing-with-toys-1-300x217.png 300w, https:\/\/case-marmailles.re\/wp-content\/uploads\/2023\/07\/diverse-children-enjoying-playing-with-toys-1-768x555.png 768w\" sizes=\"(max-width: 800px) 100vw, 800px\" \/>\t\t\t\t\t\t\t\t\t\t\t\t\t\t\t<\/div>\n\t\t\t\t<\/div>\n\t\t\t\t<\/div>\n\t\t\t\t\t<\/div>\n\t\t\t\t<\/div>\n\t\t<div class=\"elementor-element elementor-element-35a0aa2 e-flex e-con-boxed e-con e-parent\" data-id=\"35a0aa2\" data-element_type=\"container\" data-settings=\"{&quot;jet_parallax_layout_list&quot;:[]}\">\n\t\t\t\t\t<div class=\"e-con-inner\">\n\t\t<div class=\"elementor-element elementor-element-b7f5a0d e-con-full e-flex e-con e-parent\" data-id=\"b7f5a0d\" data-element_type=\"container\" data-settings=\"{&quot;jet_parallax_layout_list&quot;:[]}\">\n\t\t\t\t<div class=\"elementor-element elementor-element-031ea90 elementor-widget elementor-widget-image\" data-id=\"031ea90\" data-element_type=\"widget\" data-widget_type=\"image.default\">\n\t\t\t\t<div class=\"elementor-widget-container\">\n\t\t\t\t\t\t\t\t\t\t\t\t\t\t\t<img loading=\"lazy\" decoding=\"async\" width=\"800\" height=\"602\" src=\"https:\/\/case-marmailles.re\/wp-content\/uploads\/2023\/07\/Atelier-peinture-1.png\" class=\"attachment-large size-large wp-image-864\" alt=\"\" srcset=\"https:\/\/case-marmailles.re\/wp-content\/uploads\/2023\/07\/Atelier-peinture-1.png 931w, https:\/\/case-marmailles.re\/wp-content\/uploads\/2023\/07\/Atelier-peinture-1-300x226.png 300w, https:\/\/case-marmailles.re\/wp-content\/uploads\/2023\/07\/Atelier-peinture-1-768x577.png 768w\" sizes=\"(max-width: 800px) 100vw, 800px\" \/>\t\t\t\t\t\t\t\t\t\t\t\t\t\t\t<\/div>\n\t\t\t\t<\/div>\n\t\t\t\t<\/div>\n\t\t<div class=\"elementor-element elementor-element-76bb3f8 e-con-full e-flex e-con e-parent\" data-id=\"76bb3f8\" data-element_type=\"container\" data-settings=\"{&quot;jet_parallax_layout_list&quot;:[]}\">\n\t\t\t\t<\/div>\n\t\t\t\t\t<\/div>\n\t\t\t\t<\/div>\n\t\t\t\t<\/div>\n\t\t","protected":false},"excerpt":{"rendered":"<p>La m\u00e9thode Snoezelen La m\u00e9thode Snoezelen est une approche multisensorielle \u00a0notamment utilis\u00e9e pour aider les personnes atteintes de troubles du d\u00e9veloppement, de troubles sensoriels et\/ou de troubles de l&rsquo;apprentissage. Cette m\u00e9thode, cr\u00e9\u00e9e aux Pays-Bas dans les ann\u00e9es 1970, a \u00e9t\u00e9 con\u00e7ue pour offrir un environnement de stimulation sensorielle contr\u00f4l\u00e9, relaxant et non intrusif. Le concept [&hellip;]<\/p>\n","protected":false},"author":2,"featured_media":0,"parent":0,"menu_order":0,"comment_status":"closed","ping_status":"closed","template":"elementor_header_footer","meta":{"_acf_changed":false,"om_disable_all_campaigns":false,"_monsterinsights_skip_tracking":false,"_monsterinsights_sitenote_active":false,"_monsterinsights_sitenote_note":"","_monsterinsights_sitenote_category":0,"footnotes":""},"class_list":["post-851","page","type-page","status-publish","hentry"],"acf":[],"aioseo_notices":[],"_links":{"self":[{"href":"https:\/\/case-marmailles.re\/index.php\/wp-json\/wp\/v2\/pages\/851","targetHints":{"allow":["GET"]}}],"collection":[{"href":"https:\/\/case-marmailles.re\/index.php\/wp-json\/wp\/v2\/pages"}],"about":[{"href":"https:\/\/case-marmailles.re\/index.php\/wp-json\/wp\/v2\/types\/page"}],"author":[{"embeddable":true,"href":"https:\/\/case-marmailles.re\/index.php\/wp-json\/wp\/v2\/users\/2"}],"replies":[{"embeddable":true,"href":"https:\/\/case-marmailles.re\/index.php\/wp-json\/wp\/v2\/comments?post=851"}],"version-history":[{"count":62,"href":"https:\/\/case-marmailles.re\/index.php\/wp-json\/wp\/v2\/pages\/851\/revisions"}],"predecessor-version":[{"id":2655,"href":"https:\/\/case-marmailles.re\/index.php\/wp-json\/wp\/v2\/pages\/851\/revisions\/2655"}],"wp:attachment":[{"href":"https:\/\/case-marmailles.re\/index.php\/wp-json\/wp\/v2\/media?parent=851"}],"curies":[{"name":"wp","href":"https:\/\/api.w.org\/{rel}","templated":true}]}}