{"id":2353,"date":"2023-07-20T09:12:11","date_gmt":"2023-07-20T07:12:11","guid":{"rendered":"https:\/\/case-marmailles.re\/?page_id=2353"},"modified":"2023-07-20T13:32:32","modified_gmt":"2023-07-20T11:32:32","slug":"mentions-legales","status":"publish","type":"page","link":"https:\/\/case-marmailles.re\/index.php\/mentions-legales\/","title":{"rendered":"Mentions l\u00e9gales"},"content":{"rendered":"\t\t<div data-elementor-type=\"wp-page\" data-elementor-id=\"2353\" class=\"elementor elementor-2353\" data-elementor-post-type=\"page\">\n\t\t\t\t\t\t<section class=\"elementor-section elementor-top-section elementor-element elementor-element-bfdf9c0 elementor-section-boxed elementor-section-height-default elementor-section-height-default\" data-id=\"bfdf9c0\" data-element_type=\"section\" data-settings=\"{&quot;jet_parallax_layout_list&quot;:[]}\">\n\t\t\t\t\t\t<div class=\"elementor-container elementor-column-gap-default\">\n\t\t\t\t\t<div class=\"elementor-column elementor-col-100 elementor-top-column elementor-element elementor-element-36ca6473\" data-id=\"36ca6473\" data-element_type=\"column\">\n\t\t\t<div class=\"elementor-widget-wrap elementor-element-populated\">\n\t\t\t\t\t\t<div class=\"elementor-element elementor-element-394f0e2d elementor-widget elementor-widget-text-editor\" data-id=\"394f0e2d\" data-element_type=\"widget\" data-widget_type=\"text-editor.default\">\n\t\t\t\t<div class=\"elementor-widget-container\">\n\t\t\t\t\t\t\t\t\t<p><\/p>\n<h1 class=\"wp-block-heading\">MENTIONS L\u00c9GALES<\/h1>\n<p><\/p>\n<p>Conform\u00e9ment aux dispositions de la loi n\u00b0 2004-575 du 21 juin 2004 pour la confiance en l\u2019\u00e9conomie num\u00e9rique, il est pr\u00e9cis\u00e9 aux utilisateurs du site\u00a0<a href=\"https:\/\/case-marmailles.re\/\"><strong><em>www.case-marmailles.re<\/em><\/strong><\/a>\u00a0l\u2019identit\u00e9 des diff\u00e9rents intervenants dans le cadre de sa r\u00e9alisation et de son suivi.<\/p>\n<p><\/p>\n<h2 class=\"wp-block-heading\"><strong>Edition du site<\/strong><\/h2>\n<p><\/p>\n<p>Le pr\u00e9sent site, accessible \u00e0 l\u2019URL <a href=\"https:\/\/case-marmailles.re\/\"><strong>www.case-marmailles.re<\/strong><\/a>\u00a0(le \u00ab Site \u00bb), est \u00e9dit\u00e9 par : <strong>Ma\u00eblys LEMAIRE<\/strong><br \/>Forme juridique: Association d\u00e9clar\u00e9e<br \/>Code APE 88.91A<br \/>Si\u00e8ge social : ZAC ROQUEFEUIL 48 AV DU CAPRICORNE 97434 SAINT-PAUL<br \/>assistante@casemarmailles.re<strong>, repr\u00e9sent\u00e9(e) par\u00a0 Ma\u00eblys LEMAIRE dument habilit\u00e9(e),<\/strong><\/p>\n<p><\/p>\n<h2 class=\"wp-block-heading\"><strong>H\u00e9bergement<\/strong><\/h2>\n<p><\/p>\n<p>Le Site est h\u00e9berg\u00e9 par la soci\u00e9t\u00e9\u00a0<strong><em>Skydo Digital Studio<\/em><\/strong>,situ\u00e9 au\u00a0<strong>102 Chemin Grand Canal, 97440 Saint Andr\u00e9<\/strong><\/p>\n<p><\/p>\n<p>t\u00e9l\u00e9phone :\u00a0<strong><em>+262 6 92 47 20 97<\/em><\/strong>).<\/p>\n<p><\/p>\n<h2 class=\"wp-block-heading\"><strong>Directeur de publication<\/strong><\/h2>\n<p><\/p>\n<p>Le Directeur de la publication du Site est Madame\u00a0<span style=\"font-weight: bolder;\">Ma\u00eblys LEMAIRE<\/span>.<\/p>\n<p><\/p>\n<h2 class=\"wp-block-heading\"><strong>Nous contacter<\/strong><\/h2>\n<p><\/p>\n<ul class=\"wp-block-list\">\n<li style=\"list-style-type: none;\">\n<ul><\/ul>\n<\/li>\n<\/ul>\n<ul>\n<li style=\"list-style-type: none;\">\n<ul>\n<li>Soit par email \u00e0 l\u2019adresse assistante@casemarmailles.re<\/li>\n<\/ul>\n<\/li>\n<\/ul>\n<p><\/p>\n<ul>\n<li style=\"list-style-type: none;\">\n<ul>\n<li>Soit par courrier : &#8230;<\/li>\n<\/ul>\n<\/li>\n<\/ul>\n<p><\/p>\n<p><\/p>\n<h2 class=\"wp-block-heading\"><strong>Donn\u00e9es personnelles<\/strong><\/h2>\n<p><\/p>\n<p>Le traitement de vos donn\u00e9es \u00e0 caract\u00e8re personnel est r\u00e9gi par notre\u00a0Politique de confidentialit\u00e9\u00a0conform\u00e9ment au R\u00e8glement G\u00e9n\u00e9ral sur la Protection des Donn\u00e9es 2016\/679 du 27 avril 2016 (\u00ab RGPD \u00bb).<\/p>\n<p><\/p>\t\t\t\t\t\t\t\t<\/div>\n\t\t\t\t<\/div>\n\t\t\t\t\t<\/div>\n\t\t<\/div>\n\t\t\t\t\t<\/div>\n\t\t<\/section>\n\t\t\t\t<\/div>\n\t\t","protected":false},"excerpt":{"rendered":"<p>MENTIONS L\u00c9GALES Conform\u00e9ment aux dispositions de la loi n\u00b0 2004-575 du 21 juin 2004 pour la confiance en l\u2019\u00e9conomie num\u00e9rique, il est pr\u00e9cis\u00e9 aux utilisateurs du site\u00a0www.case-marmailles.re\u00a0l\u2019identit\u00e9 des diff\u00e9rents intervenants dans le cadre de sa r\u00e9alisation et de son suivi. Edition du site Le pr\u00e9sent site, accessible \u00e0 l\u2019URL www.case-marmailles.re\u00a0(le \u00ab Site \u00bb), est \u00e9dit\u00e9 [&hellip;]<\/p>\n","protected":false},"author":1,"featured_media":0,"parent":0,"menu_order":0,"comment_status":"closed","ping_status":"closed","template":"","meta":{"_acf_changed":false,"om_disable_all_campaigns":false,"_monsterinsights_skip_tracking":false,"_monsterinsights_sitenote_active":false,"_monsterinsights_sitenote_note":"","_monsterinsights_sitenote_category":0,"footnotes":""},"class_list":["post-2353","page","type-page","status-publish","hentry"],"acf":[],"aioseo_notices":[],"_links":{"self":[{"href":"https:\/\/case-marmailles.re\/index.php\/wp-json\/wp\/v2\/pages\/2353","targetHints":{"allow":["GET"]}}],"collection":[{"href":"https:\/\/case-marmailles.re\/index.php\/wp-json\/wp\/v2\/pages"}],"about":[{"href":"https:\/\/case-marmailles.re\/index.php\/wp-json\/wp\/v2\/types\/page"}],"author":[{"embeddable":true,"href":"https:\/\/case-marmailles.re\/index.php\/wp-json\/wp\/v2\/users\/1"}],"replies":[{"embeddable":true,"href":"https:\/\/case-marmailles.re\/index.php\/wp-json\/wp\/v2\/comments?post=2353"}],"version-history":[{"count":7,"href":"https:\/\/case-marmailles.re\/index.php\/wp-json\/wp\/v2\/pages\/2353\/revisions"}],"predecessor-version":[{"id":2370,"href":"https:\/\/case-marmailles.re\/index.php\/wp-json\/wp\/v2\/pages\/2353\/revisions\/2370"}],"wp:attachment":[{"href":"https:\/\/case-marmailles.re\/index.php\/wp-json\/wp\/v2\/media?parent=2353"}],"curies":[{"name":"wp","href":"https:\/\/api.w.org\/{rel}","templated":true}]}}